{"id":4851,"date":"2025-04-22T07:23:08","date_gmt":"2025-04-22T07:23:08","guid":{"rendered":"https:\/\/mojkurban.ba\/?post_type=product&#038;p=4851"},"modified":"2025-04-22T07:44:56","modified_gmt":"2025-04-22T07:44:56","slug":"kurban-azija-udio-u-kravi-1-7","status":"publish","type":"product","link":"https:\/\/wpt.mojkurban.ba\/bs\/proizvod\/kurban-azija-udio-u-kravi-1-7\/","title":{"rendered":"Kurban Azija \u2013 Udio u kravi (1\/7)"},"content":{"rendered":"<p>Ako \u017eeli\u0161 ispuniti svoju du\u017enost kurbana na bud\u017eetski na\u010din, udio u kravi je idealno rje\u0161enje. Tvoj udio (1\/7) se kolje u Aziji, a meso ide direktno siroma\u0161nim porodicama. Idealno za pojedince, grupe prijatelja ili porodicu.<\/p>","protected":false},"excerpt":{"rendered":"<p>Ako \u017eeli\u0161 ispuniti svoju du\u017enost kurbana na bud\u017eetski na\u010din, udio u kravi je idealno rje\u0161enje. Tvoj udio (1\/7) se kolje u Aziji, a meso ide direktno siroma\u0161nim porodicama. Idealno za pojedince, grupe prijatelja ili porodicu.<\/p>","protected":false},"featured_media":4852,"template":"","meta":{"give_campaign_id":0},"product_brand":[],"product_cat":[34],"product_tag":[42],"class_list":{"0":"post-4851","1":"product","2":"type-product","3":"status-publish","4":"has-post-thumbnail","6":"product_cat-kurban-azija","7":"product_tag-kurban-azija-udio","9":"first","10":"instock","11":"shipping-taxable","12":"purchasable","13":"product-type-simple"},"_links":{"self":[{"href":"https:\/\/wpt.mojkurban.ba\/bs\/wp-json\/wp\/v2\/product\/4851","targetHints":{"allow":["GET"]}}],"collection":[{"href":"https:\/\/wpt.mojkurban.ba\/bs\/wp-json\/wp\/v2\/product"}],"about":[{"href":"https:\/\/wpt.mojkurban.ba\/bs\/wp-json\/wp\/v2\/types\/product"}],"wp:featuredmedia":[{"embeddable":true,"href":"https:\/\/wpt.mojkurban.ba\/bs\/wp-json\/wp\/v2\/media\/4852"}],"wp:attachment":[{"href":"https:\/\/wpt.mojkurban.ba\/bs\/wp-json\/wp\/v2\/media?parent=4851"}],"wp:term":[{"taxonomy":"product_brand","embeddable":true,"href":"https:\/\/wpt.mojkurban.ba\/bs\/wp-json\/wp\/v2\/product_brand?post=4851"},{"taxonomy":"product_cat","embeddable":true,"href":"https:\/\/wpt.mojkurban.ba\/bs\/wp-json\/wp\/v2\/product_cat?post=4851"},{"taxonomy":"product_tag","embeddable":true,"href":"https:\/\/wpt.mojkurban.ba\/bs\/wp-json\/wp\/v2\/product_tag?post=4851"}],"curies":[{"name":"wp","href":"https:\/\/api.w.org\/{rel}","templated":true}]}}