{"id":4849,"date":"2025-04-22T07:22:12","date_gmt":"2025-04-22T07:22:12","guid":{"rendered":"https:\/\/mojkurban.ba\/?post_type=product&#038;p=4849"},"modified":"2025-04-22T07:46:02","modified_gmt":"2025-04-22T07:46:02","slug":"kurban-azija-250-km","status":"publish","type":"product","link":"https:\/\/wpt.mojkurban.ba\/bs\/proizvod\/kurban-azija-250-km\/","title":{"rendered":"Kurban Azija"},"content":{"rendered":"<p>U\u010destvuj u kurbanu za siroma\u0161ne zajednice u Banglade\u0161u, Pakistanu i Indoneziji. Kurban Azija je idealna prilika da tvoj ibadet stigne onima kojima zna\u010di najvi\u0161e. Profesionalna organizacija i sigurnost uplate.<\/p>","protected":false},"excerpt":{"rendered":"<p>U\u010destvuj u kurbanu za siroma\u0161ne zajednice u Banglade\u0161u, Pakistanu i Indoneziji. Kurban Azija je idealna prilika da tvoj ibadet stigne onima kojima zna\u010di najvi\u0161e. Profesionalna organizacija i sigurnost uplate.<\/p>","protected":false},"featured_media":4850,"template":"","meta":{"give_campaign_id":0},"product_brand":[],"product_cat":[34],"product_tag":[41],"class_list":{"0":"post-4849","1":"product","2":"type-product","3":"status-publish","4":"has-post-thumbnail","6":"product_cat-kurban-azija","7":"product_tag-kurban-azija","9":"first","10":"instock","11":"shipping-taxable","12":"purchasable","13":"product-type-simple"},"_links":{"self":[{"href":"https:\/\/wpt.mojkurban.ba\/bs\/wp-json\/wp\/v2\/product\/4849","targetHints":{"allow":["GET"]}}],"collection":[{"href":"https:\/\/wpt.mojkurban.ba\/bs\/wp-json\/wp\/v2\/product"}],"about":[{"href":"https:\/\/wpt.mojkurban.ba\/bs\/wp-json\/wp\/v2\/types\/product"}],"wp:featuredmedia":[{"embeddable":true,"href":"https:\/\/wpt.mojkurban.ba\/bs\/wp-json\/wp\/v2\/media\/4850"}],"wp:attachment":[{"href":"https:\/\/wpt.mojkurban.ba\/bs\/wp-json\/wp\/v2\/media?parent=4849"}],"wp:term":[{"taxonomy":"product_brand","embeddable":true,"href":"https:\/\/wpt.mojkurban.ba\/bs\/wp-json\/wp\/v2\/product_brand?post=4849"},{"taxonomy":"product_cat","embeddable":true,"href":"https:\/\/wpt.mojkurban.ba\/bs\/wp-json\/wp\/v2\/product_cat?post=4849"},{"taxonomy":"product_tag","embeddable":true,"href":"https:\/\/wpt.mojkurban.ba\/bs\/wp-json\/wp\/v2\/product_tag?post=4849"}],"curies":[{"name":"wp","href":"https:\/\/api.w.org\/{rel}","templated":true}]}}