{"id":4840,"date":"2025-04-22T07:19:06","date_gmt":"2025-04-22T07:19:06","guid":{"rendered":"https:\/\/mojkurban.ba\/?post_type=product&#038;p=4840"},"modified":"2025-04-22T07:47:57","modified_gmt":"2025-04-22T07:47:57","slug":"kurban-mekka","status":"publish","type":"product","link":"https:\/\/wpt.mojkurban.ba\/bs\/proizvod\/kurban-mekka\/","title":{"rendered":"Kurban Mekka"},"content":{"rendered":"<p>Prinesi kurban u svetom gradu Mekki i ujedno nahrani siroma\u0161ne muslimanske porodice koje \u017eive u okolini Harema. Kurban se kolje isklju\u010divo po \u0161erijatskim propisima, pod nadzorom islamskih stru\u010dnjaka. Nakon klanja, dobija\u0161 potvrdu i fotografiju klanja ako \u017eeli\u0161.<\/p>","protected":false},"excerpt":{"rendered":"<p>Prinesi kurban u svetom gradu Mekki i ujedno nahrani siroma\u0161ne muslimanske porodice koje \u017eive u okolini Harema. Kurban se kolje isklju\u010divo po \u0161erijatskim propisima, pod nadzorom islamskih stru\u010dnjaka. Nakon klanja, dobija\u0161 potvrdu i fotografiju klanja ako \u017eeli\u0161.<\/p>","protected":false},"featured_media":4845,"template":"","meta":{"give_campaign_id":0},"product_brand":[],"product_cat":[33],"product_tag":[35,39,38,37,36],"class_list":{"0":"post-4840","1":"product","2":"type-product","3":"status-publish","4":"has-post-thumbnail","6":"product_cat-kurban-mekka","7":"product_tag-kurban-bajram","8":"product_tag-kurban-donacija","9":"product_tag-kurban-kupovina","10":"product_tag-kurban-meka","11":"product_tag-kurban-sadaka","13":"first","14":"instock","15":"shipping-taxable","16":"purchasable","17":"product-type-simple"},"_links":{"self":[{"href":"https:\/\/wpt.mojkurban.ba\/bs\/wp-json\/wp\/v2\/product\/4840","targetHints":{"allow":["GET"]}}],"collection":[{"href":"https:\/\/wpt.mojkurban.ba\/bs\/wp-json\/wp\/v2\/product"}],"about":[{"href":"https:\/\/wpt.mojkurban.ba\/bs\/wp-json\/wp\/v2\/types\/product"}],"wp:featuredmedia":[{"embeddable":true,"href":"https:\/\/wpt.mojkurban.ba\/bs\/wp-json\/wp\/v2\/media\/4845"}],"wp:attachment":[{"href":"https:\/\/wpt.mojkurban.ba\/bs\/wp-json\/wp\/v2\/media?parent=4840"}],"wp:term":[{"taxonomy":"product_brand","embeddable":true,"href":"https:\/\/wpt.mojkurban.ba\/bs\/wp-json\/wp\/v2\/product_brand?post=4840"},{"taxonomy":"product_cat","embeddable":true,"href":"https:\/\/wpt.mojkurban.ba\/bs\/wp-json\/wp\/v2\/product_cat?post=4840"},{"taxonomy":"product_tag","embeddable":true,"href":"https:\/\/wpt.mojkurban.ba\/bs\/wp-json\/wp\/v2\/product_tag?post=4840"}],"curies":[{"name":"wp","href":"https:\/\/api.w.org\/{rel}","templated":true}]}}