{"id":51,"date":"2024-09-26T09:27:45","date_gmt":"2024-09-26T09:27:45","guid":{"rendered":"https:\/\/wordpress.themehause.com\/donat\/?page_id=51"},"modified":"2025-04-22T21:26:24","modified_gmt":"2025-04-22T21:26:24","slug":"kontakt","status":"publish","type":"page","link":"https:\/\/wpt.mojkurban.ba\/bs\/kontakt\/","title":{"rendered":"Kontakt"},"content":{"rendered":"<div data-elementor-type=\"wp-page\" data-elementor-id=\"51\" class=\"elementor elementor-51\" data-elementor-post-type=\"page\">\n\t\t\t\t<div class=\"elementor-element elementor-element-49df371 e-flex e-con-boxed e-con e-parent\" data-id=\"49df371\" data-element_type=\"container\">\n\t\t\t\t\t<div class=\"e-con-inner\">\n\t\t\r\n\t\t<div class=\"elementor-element elementor-element-62f22e8 elementor-widget elementor-widget-donatcontactinfo\" data-id=\"62f22e8\" data-element_type=\"widget\" data-widget_type=\"donatcontactinfo.default\">\n\t\t\t\t<div class=\"elementor-widget-container\">\n\t\t\t\t\t<div class=\"contact-wrap1\"><div class=\"row gx-60 gy-40\"><div class=\"col-xl-4 col-lg-5\"><div class=\"contact-feature\"><div class=\"box-icon\" data-theme-color=\"\"><i class=\"fas fa-map-location-dot\"><\/i><\/div><div class=\"media-body\"><h3 class=\"box-title\">Adresa<\/h3><p class=\"box-text\">Reisa \u010cau\u0161evi\u0107a 2, Zenica<\/p><\/div><\/div><div class=\"contact-feature\"><div class=\"box-icon\" data-theme-color=\"#FFAC00\"><i class=\"fas fa-phone-volume\"><\/i><\/div><div class=\"media-body\"><h3 class=\"box-title\">Telefon<\/h3><p class=\"box-text\">+387\u00a062\u00a0448\u00a0097<\/p><\/div><\/div><div class=\"contact-feature\"><div class=\"box-icon\" data-theme-color=\"#122F2A\"><i class=\"fas fa-envelope\"><\/i><\/div><div class=\"media-body\"><h3 class=\"box-title\">Email<\/h3><p class=\"box-text\">info@mojkurban.ba<\/p><\/div><\/div><\/div><div class=\"col-xl-8 col-lg-7\"><div class=\"contact-map\"><iframe src=\"https:\/\/www.google.com\/maps\/embed?pb=!1m18!1m12!1m3!1d3644.7310056272386!2d89.2286059153658!3d24.00527418490799!2m3!1f0!2f0!3f0!3m2!1i1024!2i768!4f13.1!3m3!1m2!1s0x39fe9b97badc6151%3A0x30b048c9fb2129bc!2sAngfuztheme!5e0!3m2!1sen!2sbd!4v1651028958211!5m2!1sen!2sbd\" allowfullscreen=\"\" loading=\"lazy\"><\/iframe><\/div><\/div><\/div><\/div>\t\t\t\t<\/div>\n\t\t\t\t<\/div>\n\t\t\t\t\t<\/div>\n\t\t\t\t<\/div>\n\t\t\t\t<\/div>","protected":false},"excerpt":{"rendered":"<p>Adresa Reisa \u010cau\u0161evi\u0107a 2, Zenica Telefon +387\u00a062\u00a0448\u00a0097 Email info@mojkurban.ba<\/p>","protected":false},"author":1,"featured_media":0,"parent":0,"menu_order":0,"comment_status":"closed","ping_status":"closed","template":"template-builder.php","meta":{"give_campaign_id":0,"footnotes":""},"class_list":["post-51","page","type-page","status-publish","hentry"],"campaignId":"","_links":{"self":[{"href":"https:\/\/wpt.mojkurban.ba\/bs\/wp-json\/wp\/v2\/pages\/51","targetHints":{"allow":["GET"]}}],"collection":[{"href":"https:\/\/wpt.mojkurban.ba\/bs\/wp-json\/wp\/v2\/pages"}],"about":[{"href":"https:\/\/wpt.mojkurban.ba\/bs\/wp-json\/wp\/v2\/types\/page"}],"author":[{"embeddable":true,"href":"https:\/\/wpt.mojkurban.ba\/bs\/wp-json\/wp\/v2\/users\/1"}],"replies":[{"embeddable":true,"href":"https:\/\/wpt.mojkurban.ba\/bs\/wp-json\/wp\/v2\/comments?post=51"}],"version-history":[{"count":5,"href":"https:\/\/wpt.mojkurban.ba\/bs\/wp-json\/wp\/v2\/pages\/51\/revisions"}],"predecessor-version":[{"id":4939,"href":"https:\/\/wpt.mojkurban.ba\/bs\/wp-json\/wp\/v2\/pages\/51\/revisions\/4939"}],"wp:attachment":[{"href":"https:\/\/wpt.mojkurban.ba\/bs\/wp-json\/wp\/v2\/media?parent=51"}],"curies":[{"name":"wp","href":"https:\/\/api.w.org\/{rel}","templated":true}]}}