{"id":3027,"date":"2024-10-15T10:29:44","date_gmt":"2024-10-15T10:29:44","guid":{"rendered":"https:\/\/wordpress.themehause.com\/donat\/?page_id=3027"},"modified":"2025-04-22T07:41:33","modified_gmt":"2025-04-22T07:41:33","slug":"cesta-pitanja-kurbani","status":"publish","type":"page","link":"https:\/\/wpt.mojkurban.ba\/bs\/cesta-pitanja-kurbani\/","title":{"rendered":"\u010cesta pitanja &#8211; Kurbani"},"content":{"rendered":"<div data-elementor-type=\"wp-page\" data-elementor-id=\"3027\" class=\"elementor elementor-3027\" data-elementor-post-type=\"page\">\n\t\t\t\t<div class=\"elementor-element elementor-element-6a6e6c8 e-flex e-con-boxed e-con e-parent\" data-id=\"6a6e6c8\" data-element_type=\"container\">\n\t\t\t\t\t<div class=\"e-con-inner\">\n\t\t<div class=\"elementor-element elementor-element-371ede5 e-con-full e-flex e-con e-child\" data-id=\"371ede5\" data-element_type=\"container\">\n\t\t\r\n\t\t<div class=\"elementor-element elementor-element-a0e8ebc elementor-widget elementor-widget-donatsectiontitle\" data-id=\"a0e8ebc\" data-element_type=\"widget\" data-widget_type=\"donatsectiontitle.default\">\n\t\t\t\t<div class=\"elementor-widget-container\">\n\t\t\t\t\t\t\t<div class=\"title-area text-left title-area mb-35\">\r\n\t\t\t<span class=\"sub-title2 sub-title after-none before-none\"><i class=\"text-theme far fa-heart\"><\/i>Pitanja<\/span><h2 class=\"sec-title\">\u010cesto postavljenja pitanja<\/h2><p>Udru\u017eite se sa nama da ostvarite ve\u0107i uticaj. Na\u0161 program korporativnog sponzorstva nudi preduze\u0107ima priliku da podr\u017ee na\u0161u misiju dok istovremeno stje\u010du vidljivost i ispunjavaju ciljeve korporativne dru\u0161tvene odgovornosti.<\/p>\t\t<\/div>\r\n\r\n\t\t\t\t\t<\/div>\n\t\t\t\t<\/div>\n\t\t\t\t<\/div>\n\t\t<div class=\"elementor-element elementor-element-43aa1dc e-con-full e-flex e-con e-child\" data-id=\"43aa1dc\" data-element_type=\"container\">\n\t\t\t\t<div class=\"elementor-element elementor-element-44360fa elementor-widget elementor-widget-donatfaq\" data-id=\"44360fa\" data-element_type=\"widget\" data-widget_type=\"donatfaq.default\">\n\t\t\t\t<div class=\"elementor-widget-container\">\n\t\t\t\t\t<div class=\"faq-wrap1\"><div class=\"accordion\" id=\"faqAccordion\"><div class=\"accordion-card style2\"><div class=\"accordion-header\" id=\"collapse-item-1\"><button class=\"accordion-button\" type=\"button\" data-bs-toggle=\"collapse\" data-bs-target=\"#collapse-1\" aria-expanded=\"true\" aria-controls=\"collapse-1\">\nDa li je\u00a0propisano klanje kurbana\u00a0?\n<\/button><\/div><div id=\"collapse-1\" class=\"accordion-collapse collapseshow\" aria-labelledby=\"collapse-item-1\" data-bs-parent=\"#faqAccordion\"><div class=\"accordion-body\"><p class=\"faq-text\">Da, klanje kurbana je \u0161erijatski propisano. Klanje kurbana je vad\u017eib (obavezno) za svaku muslimansku porodicu koja je to u mogu\u0107nosti. Ovaj propis je utemeljen na Kur'anu i Sunnetu. U Kur'anu, u suri El-Kevser, ajet 2, stoji: \"Zato se Gospodaru svome moli i kurban kolji!\".\nKlanje kurbana ima veliku vrijednost i smatra se jednim od najdra\u017eih djela Allahu na dan Kurban-bajrama.\n<\/p><\/div><\/div> <\/div><div class=\"accordion-card style2\"><div class=\"accordion-header\" id=\"collapse-item-2\"><button class=\"accordion-button collapsed\" type=\"button\" data-bs-toggle=\"collapse\" data-bs-target=\"#collapse-2\" aria-expanded=\"true\" aria-controls=\"collapse-2\">Koju uslugu nudite ?\n<\/button><\/div><div id=\"collapse-2\" class=\"accordion-collapse collapse\" aria-labelledby=\"collapse-item-2\" data-bs-parent=\"#faqAccordion\"><div class=\"accordion-body\"><p class=\"faq-text\">Nudimo usluge kurbana kao pakete koji uklju\u010duju nabavku kurbana, \u010duvanje istih do kurban bajrama, klanje, pakovanje i distribuciju mesa siroma\u0161nima. Cijeli proces je nadgledan od strane \u0161erijatski stru\u010dnog osoblja i cijeli proces je uskla\u0111en sa \u0161erijatskim normama.\n<\/p><\/div><\/div> <\/div><div class=\"accordion-card style2\"><div class=\"accordion-header\" id=\"collapse-item-3\"><button class=\"accordion-button collapsed\" type=\"button\" data-bs-toggle=\"collapse\" data-bs-target=\"#collapse-3\" aria-expanded=\"true\" aria-controls=\"collapse-3\">\nU kojim dr\u017eavama mogu rezervisati svoj kurban?\n<\/button><\/div><div id=\"collapse-3\" class=\"accordion-collapse collapse\" aria-labelledby=\"collapse-item-3\" data-bs-parent=\"#faqAccordion\"><div class=\"accordion-body\"><p class=\"faq-text\">Za sada nudimo kurbane u tri grada\/dr\u017eave: Ruanda (Afrika), Maravi (Filipini) i Mekka (Saudijska Arabija).\n<\/p><\/div><\/div> <\/div><div class=\"accordion-card style2\"><div class=\"accordion-header\" id=\"collapse-item-4\"><button class=\"accordion-button collapsed\" type=\"button\" data-bs-toggle=\"collapse\" data-bs-target=\"#collapse-4\" aria-expanded=\"true\" aria-controls=\"collapse-4\">Da li \u0107u dobiti slike svog kurbana ?\n<\/button><\/div><div id=\"collapse-4\" class=\"accordion-collapse collapse\" aria-labelledby=\"collapse-item-4\" data-bs-parent=\"#faqAccordion\"><div class=\"accordion-body\"><p class=\"faq-text\">Obzirom da je broj kurbana svake godine izrazito velik, hvala\u00a0Gospodaru na tome, tehni\u010di nije izvodljivo za svaki pojedina\u010dni kurban slikati isti. Slike su grupne i kao takve smatramo dovoljnim. Kada je rije\u010d o Akiki za novoro\u0111en\u010de ili\u00a0kao vid sadake i sli\u010dno, u takvim\u00a0slu\u010dajevima svakako da je mogu\u0107e dobiti foto i video materijal za svoj kurban.\n<\/p><\/div><\/div> <\/div><div class=\"accordion-card style2\"><div class=\"accordion-header\" id=\"collapse-item-5\"><button class=\"accordion-button collapsed\" type=\"button\" data-bs-toggle=\"collapse\" data-bs-target=\"#collapse-5\" aria-expanded=\"true\" aria-controls=\"collapse-5\">Kako mogu izvr\u0161iti uplatu kurbana ?\n<\/button><\/div><div id=\"collapse-5\" class=\"accordion-collapse collapse\" aria-labelledby=\"collapse-item-5\" data-bs-parent=\"#faqAccordion\"><div class=\"accordion-body\"><p class=\"faq-text\">Uplatu kurbana mo\u017eete izvr\u0161iti putem ove stranice tako \u0161to \u0107ete dodati kurban ili vi\u0161e njih u korpu, zatim unjeti svoje podatke, zatim pre\u0107i na pla\u0107anje i zavr\u0161iti uplatu. Isto tako pla\u0107anje je mogu\u0107e izvr\u0161iti uplatnicom na jedan od na\u0161ih ra\u010duna ili li\u010dno na na\u0161oj adresi. Za vi\u0161e infomacija kontaktirajte nas.\n\n<\/p><\/div><\/div> <\/div><div class=\"accordion-card style2\"><div class=\"accordion-header\" id=\"collapse-item-6\"><button class=\"accordion-button collapsed\" type=\"button\" data-bs-toggle=\"collapse\" data-bs-target=\"#collapse-6\" aria-expanded=\"true\" aria-controls=\"collapse-6\">Gdje je bolje rezervisati kurban ?\n<\/button><\/div><div id=\"collapse-6\" class=\"accordion-collapse collapse\" aria-labelledby=\"collapse-item-6\" data-bs-parent=\"#faqAccordion\"><div class=\"accordion-body\"><p class=\"faq-text\">Zaista nemamo preferenci i smatramo da je najbolje ispuniti ovu du\u017enost u svom mjestu gdje se osoba nalazi, iako takvo ne\u0161to iziskuje dodatno vrijeme, znanje i novac. Obzirom na trenutne cijene kurbana u na\u0161oj lijepoj BiH, smatramo da je ovo jedna lijepa alternativa za sve one koji ili nemaju dovoljno sredstava ili nemaju dovoljno osoba s kim bi\u00a0obavili ovu du\u017enost, ili jednostavno nisu sami stru\u010dni za to, a \u017eele obaviti ovaj \u010dasni ibadet i dobiti nagradu za to i ujedno nahraniti one koji \u0107e se daleko vi\u0161e obradovati ovom kurbanu nego neko na na\u0161im prostorima. Tako\u0111er, upla\u0107ivanje kurbana na nekom udaljenom mjestu se pokazalo kao dobro rije\u0161enje prvenstveno za na\u0161u dijasporu koja ve\u0107inski \u017eivi u dr\u017eavama gdje je klanje kurbana zabranjeno na na\u010din kako je to \u0161erijatom propisano\u00a0i\u00a0predvi\u0111eno.<\/p><\/div><\/div> <\/div><\/div><\/div>\t\t\t\t<\/div>\n\t\t\t\t<\/div>\n\t\t\t\t<\/div>\n\t\t\t\t\t<\/div>\n\t\t\t\t<\/div>\n\t\t<div class=\"elementor-element elementor-element-fb2ac92 elementor-hidden-desktop elementor-hidden-tablet elementor-hidden-mobile e-flex e-con-boxed e-con e-parent\" data-id=\"fb2ac92\" data-element_type=\"container\">\n\t\t\t\t\t<div class=\"e-con-inner\">\n\t\t\t\t<div class=\"elementor-element elementor-element-a7e9181 elementor-widget elementor-widget-donatsectiontitle\" data-id=\"a7e9181\" data-element_type=\"widget\" data-widget_type=\"donatsectiontitle.default\">\n\t\t\t\t<div class=\"elementor-widget-container\">\n\t\t\t\t\t\t\t<div class=\"title-area text-left brand-wrap1 p-0 m-0 text-center\">\r\n\t\t\t<h2 class=\"sec-title brand-wrap-title\">Trusted by over <span class=\"text-theme2\"><span class=\"counter-number\">90<\/span>K+<\/span> companies worldwide<\/h2>\t\t<\/div>\r\n\r\n\t\t\t\t\t<\/div>\n\t\t\t\t<\/div>\n\t\t\t\t<div class=\"elementor-element elementor-element-727de05 elementor-widget elementor-widget-donatclientlogos\" data-id=\"727de05\" data-element_type=\"widget\" data-widget_type=\"donatclientlogos.default\">\n\t\t\t\t<div class=\"elementor-widget-container\">\n\t\t\t\t\t <div class=\"swiper th-slider\" id=\"brandSlider1\" data-slider-options='{\"breakpoints\":{\"0\":{\"slidesPerView\":2},\"576\":{\"slidesPerView\":\"2\"},\"768\":{\"slidesPerView\":\"2\"},\"992\":{\"slidesPerView\":\"3\"},\"1200\":{\"slidesPerView\":\"4\"},\"1400\":{\"slidesPerView\":\"5\", \"spaceBetween\": \"90\"}}}'> <div class=\"swiper-wrapper\"> <div class=\"swiper-slide\"><a href=\"https:\/\/wordpress.themeholy.com\/donat\/blog\/\" class=\"brand-box\"><img decoding=\"async\" src=\"https:\/\/wordpress.themeholy.com\/donat\/wp-content\/uploads\/2024\/09\/brand1-1.svg\" alt=\"brand1 1\"  \/><\/a> <\/div> <div class=\"swiper-slide\"><a href=\"https:\/\/wordpress.themeholy.com\/donat\/blog\/\" class=\"brand-box\"><img decoding=\"async\" src=\"https:\/\/wordpress.themeholy.com\/donat\/wp-content\/uploads\/2024\/09\/brand1-2.svg\" alt=\"brand1 2\"  \/><\/a> <\/div> <div class=\"swiper-slide\"><a href=\"https:\/\/wordpress.themeholy.com\/donat\/blog\/\" class=\"brand-box\"><img decoding=\"async\" src=\"https:\/\/wordpress.themeholy.com\/donat\/wp-content\/uploads\/2024\/09\/brand1-3.svg\" alt=\"brand1 3\"  \/><\/a> <\/div> <div class=\"swiper-slide\"><a href=\"https:\/\/wordpress.themeholy.com\/donat\/blog\/\" class=\"brand-box\"><img decoding=\"async\" src=\"https:\/\/wordpress.themeholy.com\/donat\/wp-content\/uploads\/2024\/09\/brand1-4.svg\" alt=\"brand1 4\"  \/><\/a> <\/div> <div class=\"swiper-slide\"><a href=\"https:\/\/wordpress.themeholy.com\/donat\/blog\/\" class=\"brand-box\"><img decoding=\"async\" src=\"https:\/\/wordpress.themeholy.com\/donat\/wp-content\/uploads\/2024\/09\/brand1-5.svg\" alt=\"brand1 5\"  \/><\/a> <\/div> <\/div> <\/div>\t\t\t\t<\/div>\n\t\t\t\t<\/div>\n\t\t\t\t\t<\/div>\n\t\t\t\t<\/div>\n\t\t\t\t<\/div>","protected":false},"excerpt":{"rendered":"<p>Pitanja \u010cesto postavljenja pitanja Udru\u017eite se sa nama da ostvarite ve\u0107i uticaj. Na\u0161 program korporativnog sponzorstva nudi preduze\u0107ima priliku da podr\u017ee na\u0161u misiju dok istovremeno stje\u010du vidljivost i ispunjavaju ciljeve korporativne dru\u0161tvene odgovornosti. Da li je\u00a0propisano klanje kurbana\u00a0? Da, klanje kurbana je \u0161erijatski propisano. Klanje kurbana je vad\u017eib (obavezno) za svaku muslimansku porodicu koja je&#8230;<\/p>","protected":false},"author":1,"featured_media":0,"parent":0,"menu_order":0,"comment_status":"closed","ping_status":"closed","template":"template-builder.php","meta":{"give_campaign_id":0,"footnotes":""},"class_list":["post-3027","page","type-page","status-publish","hentry"],"campaignId":"","_links":{"self":[{"href":"https:\/\/wpt.mojkurban.ba\/bs\/wp-json\/wp\/v2\/pages\/3027","targetHints":{"allow":["GET"]}}],"collection":[{"href":"https:\/\/wpt.mojkurban.ba\/bs\/wp-json\/wp\/v2\/pages"}],"about":[{"href":"https:\/\/wpt.mojkurban.ba\/bs\/wp-json\/wp\/v2\/types\/page"}],"author":[{"embeddable":true,"href":"https:\/\/wpt.mojkurban.ba\/bs\/wp-json\/wp\/v2\/users\/1"}],"replies":[{"embeddable":true,"href":"https:\/\/wpt.mojkurban.ba\/bs\/wp-json\/wp\/v2\/comments?post=3027"}],"version-history":[{"count":4,"href":"https:\/\/wpt.mojkurban.ba\/bs\/wp-json\/wp\/v2\/pages\/3027\/revisions"}],"predecessor-version":[{"id":4871,"href":"https:\/\/wpt.mojkurban.ba\/bs\/wp-json\/wp\/v2\/pages\/3027\/revisions\/4871"}],"wp:attachment":[{"href":"https:\/\/wpt.mojkurban.ba\/bs\/wp-json\/wp\/v2\/media?parent=3027"}],"curies":[{"name":"wp","href":"https:\/\/api.w.org\/{rel}","templated":true}]}}